{"id":106,"date":"2015-01-25T00:21:50","date_gmt":"2015-01-25T00:21:50","guid":{"rendered":"http:\/\/totaltheme.wpengine.com\/construct\/?page_id=5"},"modified":"2025-11-27T13:57:29","modified_gmt":"2025-11-27T13:57:29","slug":"contact","status":"publish","type":"page","link":"https:\/\/plomberielr.fr\/index.php\/contact\/","title":{"rendered":"Devis Plomberie Lunel"},"content":{"rendered":"<div class=\"wpb-content-wrapper\">[vc_row full_width=\u00a0\u00bbstretch_row\u00a0\u00bb remove_bottom_col_margin=\u00a0\u00bbtrue\u00a0\u00bb bg_style=\u00a0\u00bbstretch\u00a0\u00bb css=\u00a0\u00bb.vc_custom_1764235788820{padding-top: 170px !important;padding-bottom: 140px !important;background-image: url(https:\/\/plomberielr.fr\/wp-content\/uploads\/2025\/11\/recherche-de-fuite-depannage-lunel-plombier-rapide-urgence.jpg?id=152) !important;background-position: center !important;background-repeat: no-repeat !important;background-size: cover !important;}\u00a0\u00bb][vc_column]<style>.vcex-heading.vcex_69d533764f3b5{color:#ffffff;font-size:32px;font-weight:900;text-transform:uppercase;}<\/style><h1 class=\"vcex-heading vcex-heading-plain vcex-module wpex-heading wpex-text-2xl wpex-text-center vcex_69d533764f3b5\"><span class=\"vcex-heading-inner wpex-inline-block\">Devis Plomberie Lunel<\/span><\/h1><div class=\"vcex-spacing wpex-w-100 wpex-clear\" style=\"height:10px;\"><\/div>[vc_column_text css=\u00a0\u00bb\u00a0\u00bb color=\u00a0\u00bb#ffffff\u00a0\u00bb font_size=\u00a0\u00bb21px\u00a0\u00bb text_align=\u00a0\u00bbcenter\u00a0\u00bb]Devis et renseignement en plomberie sur Lunel[\/vc_column_text][\/vc_column][\/vc_row][vc_row css=\u00a0\u00bb.vc_custom_1764235947985{padding-top: 70px !important;padding-bottom: 20px !important;}\u00a0\u00bb wpex_bg_color=\u00a0\u00bb#24202100&Prime;][vc_column css_animation=\u00a0\u00bbfadeInLeft\u00a0\u00bb width=\u00a0\u00bb2\/3&Prime;]<div class=\"vcex-contact-form\" data-ajaxurl=\"https:\/\/plomberielr.fr\/wp-admin\/admin-ajax.php\" data-notice-success=\"Merci pour message. Nous allons vous r\u00e9pondre dans les meilleurs d\u00e9lais. PLOMBERIE LR\" data-notice-error=\"The following error occurred: {{error}}\" data-subject=\"FORMULAIRE SITE\" data-recaptcha=\"6LdH1xksAAAAAFyEnCOhR2Pd2U4OH9LfOMAzgLhf\" data-nonce=\"8ab443f0f2\"><form class=\"vcex-contact-form__form\"><div class=\"vcex-contact-form__fields wpex-mb-15 wpex-flex wpex-gap-20 wpex-flex-wrap\"><div class=\"vcex-contact-form__name wpex-flex-grow\"><label class=\"vcex-contact-form__label wpex-block wpex-mb-5 wpex-font-semibold\" for=\"vcex-contact-form__69d533765035a-name\">NOM<sup class=\"vcex-contact-form__required\">*<\/sup><\/label><input class=\"vcex-contact-form__input wpex-w-100\" type=\"text\" id=\"vcex-contact-form__69d533765035a-name\" name=\"vcex_cf_name\" required><\/div><div class=\"vcex-contact-form__email wpex-flex-grow\"><label class=\"vcex-contact-form__label wpex-block wpex-mb-5 wpex-font-semibold\" for=\"vcex-contact-form__69d533765035a-email\">MAIL<sup class=\"vcex-contact-form__required\">*<\/sup><\/label><input class=\"vcex-contact-form__input wpex-w-100\" type=\"email\" id=\"vcex-contact-form__69d533765035a-email\" name=\"vcex_cf_email\" required><\/div><\/div><div class=\"vcex-contact-form__message wpex-mb-15\"><label class=\"vcex-contact-form__label wpex-block wpex-mb-5 wpex-font-semibold\" for=\"vcex-contact-form__69d533765035a-message\">VOTRE DEMANDE<\/label><textarea rows=\"8\" class=\"vcex-contact-form__textarea wpex-align-top wpex-w-100\" id=\"vcex-contact-form__69d533765035a-message\" name=\"vcex_cf_message\" required><\/textarea><\/div><button class=\"vcex-contact-form__submit vcex-contact-form__submit--full wpex-flex wpex-w-100 wpex-text-1em wpex-items-center wpex-gap-10 wpex-justify-center wpex-opacity-100 theme-button\"><span class=\"vcex-contact-form__submit-text\">ENVOYER<\/span><span class=\"vcex-contact-form__spinner wpex-icon wpex-hidden\"><svg height=\"20\" width=\"20\" class=\"wpex-animate-spin wpex-opacity-5\" xmlns=\"http:\/\/www.w3.org\/2000\/svg\" viewBox=\"0 0 16 16\" fill=\"currentColor\"><path fill-rule=\"evenodd\" d=\"M8 3a5 5 0 1 0 4.546 2.914.5.5 0 0 1 .908-.417A6 6 0 1 1 8 2z\"\/><path d=\"M8 4.466V.534a.25.25 0 0 1 .41-.192l2.36 1.966c.12.1.12.284 0 .384L8.41 4.658A.25.25 0 0 1 8 4.466\"\/><\/svg><\/span><\/button><style>.grecaptcha-badge { visibility: hidden; }<\/style><div class=\"vcex-contact-form__recaptcha wpex-mt-15 wpex-text-sm\">This site is protected by reCAPTCHA and the Google <a href=\"https:\/\/policies.google.com\/privacy\">Privacy Policy<\/a> and <a href=\"https:\/\/policies.google.com\/terms\">Terms of Service<\/a> apply.<\/div><div class=\"vcex-contact-form__notice wpex-hidden wpex-alert wpex-mt-15 wpex-mb-0\" role=\"alert\" aria-live=\"assertive\" tabindex=\"-1\"><\/div><\/form><div class=\"vcex-contact-form__overlay wpex-hidden\"><\/div><\/div><div class=\"vcex-module vcex-divider vcex-divider-solid wpex-my-20 vcex-divider-center wpex-mx-auto wpex-block wpex-h-0 wpex-border-b wpex-border-solid wpex-border-main\" style=\"border-color:#55dcf0;\"><\/div>[vc_column_text css=\u00a0\u00bb\u00a0\u00bb]\n<p data-path-to-node=\"7\">Notre expertise ne s&rsquo;arr\u00eate pas \u00e0 la simple <b>plomberie<\/b>. Nous g\u00e9rons l&rsquo;int\u00e9gralit\u00e9 des travaux :<\/p>\n<ul data-path-to-node=\"8\">\n<li>\n<p data-path-to-node=\"8,0,0\"><b>Installation de plomberie<\/b> et raccordements.<\/p>\n<\/li>\n<li>\n<p data-path-to-node=\"8,0,0\"><b>Mise en place des sanitaires<\/b> (pose de baignoire, installation de douche).<\/p>\n<\/li>\n<li>\n<p data-path-to-node=\"8,0,0\"><b>Cr\u00e9ation de salle de bain PMR<\/b> (Personnes \u00e0 Mobilit\u00e9 R\u00e9duite).<\/p>\n<\/li>\n<li>\n<p data-path-to-node=\"8,0,0\"><b>Travaux de carrelage et fa\u00efence<\/b>.<\/p>\n<\/li>\n<li>\n<p data-path-to-node=\"8,0,0\"><b>Ventilation (VMC)<\/b> et \u00e9clairage.<\/p>\n<\/li>\n<\/ul>\n<p data-path-to-node=\"9\"><b>Par cons\u00e9quent<\/b>, vous n&rsquo;avez qu&rsquo;un seul interlocuteur, ce qui garantit une coordination parfaite et le respect des d\u00e9lais convenus.<\/p>\n[\/vc_column_text][\/vc_column][vc_column css_animation=\u00a0\u00bbfadeInRight\u00a0\u00bb width=\u00a0\u00bb1\/3&Prime; wpex_bg_color=\u00a0\u00bb#231f20&Prime; css=\u00a0\u00bb.vc_custom_1764236047078{margin-top: 25px !important;margin-bottom: 25px !important;padding-top: 50px !important;padding-bottom: 50px !important;}\u00a0\u00bb]<style>.vcex-image.vcex_69d5337650f37 .vcex-image-inner{max-width:300px;}<\/style><figure class=\"vcex-image vcex-module wpex-text-center vcex_69d5337650f37\"><div class=\"vcex-image-inner wpex-relative wpex-inline-block hvr hvr-push\"><img width=\"1200\" height=\"1200\" src=\"https:\/\/plomberielr.fr\/wp-content\/uploads\/2025\/11\/logo-plomberie-LR.jpg\" class=\"vcex-image-img wpex-align-middle\" alt=\"Depannage lunel plombier\" loading=\"lazy\" decoding=\"async\" srcset=\"https:\/\/plomberielr.fr\/wp-content\/uploads\/2025\/11\/logo-plomberie-LR.jpg 1200w, https:\/\/plomberielr.fr\/wp-content\/uploads\/2025\/11\/logo-plomberie-LR-300x300.jpg 300w, https:\/\/plomberielr.fr\/wp-content\/uploads\/2025\/11\/logo-plomberie-LR-1024x1024.jpg 1024w, https:\/\/plomberielr.fr\/wp-content\/uploads\/2025\/11\/logo-plomberie-LR-150x150.jpg 150w, https:\/\/plomberielr.fr\/wp-content\/uploads\/2025\/11\/logo-plomberie-LR-768x768.jpg 768w\" sizes=\"auto, (max-width: 1200px) 100vw, 1200px\" \/><\/div><\/figure><div class=\"vcex-toggle-group vcex-toggle-group--w-borders vcex-module wpex-mx-auto\" data-vcex-accordion=\"0\"><style>.vcex-toggle.vcex_69d5337653482 .vcex-toggle__icon{color:#55dcf0;background-color:#54dbf000;}.vcex-toggle.vcex_69d5337653482 .vcex-toggle__trigger{color:#55dcf0;}.vcex-toggle.vcex_69d5337653482 .vcex-toggle__heading{font-weight:900;}.vcex-toggle.vcex_69d5337653482 .vcex-toggle__content{color:#ffffff;}<\/style><div class=\"vcex-toggle vcex-module vcex_69d5337653482\" data-animate=\"false\" data-duration=\"300\"><div class=\"vcex-toggle__heading\"><a href=\"#appelez-nous\" class=\"vcex-toggle__trigger wpex-transition-colors wpex-flex wpex-items-center wpex-gap-10\" aria-expanded=\"false\" aria-controls=\"appelez-nous\"><div class=\"vcex-toggle__icon wpex-flex wpex-items-center wpex-justify-center\" aria-hidden=\"true\"><div class=\"vcex-toggle__icon-open wpex-flex wpex-flex-col wpex-items-center\"><svg xmlns=\"http:\/\/www.w3.org\/2000\/svg\" height=\"1.5em\" viewBox=\"0 0 24 24\" width=\"1.5em\" fill=\"currentColor\" class=\"vcex-toggle__icon-open\"><path d=\"M0 0h24v24H0V0z\" fill=\"none\"\/><path d=\"M19 13h-6v6h-2v-6H5v-2h6V5h2v6h6v2z\"\/><\/svg><\/div><div class=\"vcex-toggle__icon-close wpex-flex wpex-flex-col wpex-items-center\"><svg xmlns=\"http:\/\/www.w3.org\/2000\/svg\" height=\"1.5em\" viewBox=\"0 0 24 24\" width=\"1.5em\" fill=\"currentColor\" class=\"vcex-toggle__icon-close\"><path d=\"M0 0h24v24H0V0z\" fill=\"none\"\/><path d=\"M19 13H5v-2h14v2z\"\/><\/svg><\/div><\/div><div class=\"vcex-toggle__title\">APPELEZ NOUS<\/div><\/a><\/div><div id=\"appelez-nous\" class=\"vcex-toggle__content wpex-clr wpex-last-mb-0 wpex-my-10\"><p><strong>06 38 87 90 94<\/strong><\/p>\n<\/div><\/div> <style>.vcex-toggle.vcex_69d53376539f8 .vcex-toggle__trigger{color:#55dcf0;}.vcex-toggle.vcex_69d53376539f8 .vcex-toggle__heading{font-weight:900;}.vcex-toggle.vcex_69d53376539f8 .vcex-toggle__content{color:#ffffff;}<\/style><div class=\"vcex-toggle vcex-module vcex_69d53376539f8\" data-animate=\"false\" data-duration=\"300\"><div class=\"vcex-toggle__heading\"><a href=\"#ou-sommes-nous-\" class=\"vcex-toggle__trigger wpex-transition-colors wpex-flex wpex-items-center wpex-gap-10\" aria-expanded=\"false\" aria-controls=\"ou-sommes-nous-\"><div class=\"vcex-toggle__icon wpex-flex wpex-items-center wpex-justify-center\" aria-hidden=\"true\"><div class=\"vcex-toggle__icon-open wpex-flex wpex-flex-col wpex-items-center\"><svg xmlns=\"http:\/\/www.w3.org\/2000\/svg\" height=\"1.5em\" viewBox=\"0 0 24 24\" width=\"1.5em\" fill=\"currentColor\" class=\"vcex-toggle__icon-open\"><path d=\"M0 0h24v24H0V0z\" fill=\"none\"\/><path d=\"M19 13h-6v6h-2v-6H5v-2h6V5h2v6h6v2z\"\/><\/svg><\/div><div class=\"vcex-toggle__icon-close wpex-flex wpex-flex-col wpex-items-center\"><svg xmlns=\"http:\/\/www.w3.org\/2000\/svg\" height=\"1.5em\" viewBox=\"0 0 24 24\" width=\"1.5em\" fill=\"currentColor\" class=\"vcex-toggle__icon-close\"><path d=\"M0 0h24v24H0V0z\" fill=\"none\"\/><path d=\"M19 13H5v-2h14v2z\"\/><\/svg><\/div><\/div><div class=\"vcex-toggle__title\">OU SOMMES NOUS ?<\/div><\/a><\/div><div id=\"ou-sommes-nous-\" class=\"vcex-toggle__content wpex-clr wpex-last-mb-0 wpex-my-10\"><p>870 Rue du jeu de Mail 34400 LUNEL<\/p>\n<\/div><\/div> <style>.vcex-toggle.vcex_69d5337653c44 .vcex-toggle__trigger{color:#55dcf0;}.vcex-toggle.vcex_69d5337653c44 .vcex-toggle__heading{font-weight:900;}.vcex-toggle.vcex_69d5337653c44 .vcex-toggle__content{color:#ffffff;}<\/style><div class=\"vcex-toggle vcex-module vcex_69d5337653c44\" data-animate=\"false\" data-duration=\"300\"><div class=\"vcex-toggle__heading\"><a href=\"#notre-activite\" class=\"vcex-toggle__trigger wpex-transition-colors wpex-flex wpex-items-center wpex-gap-10\" aria-expanded=\"false\" aria-controls=\"notre-activite\"><div class=\"vcex-toggle__icon wpex-flex wpex-items-center wpex-justify-center\" aria-hidden=\"true\"><div class=\"vcex-toggle__icon-open wpex-flex wpex-flex-col wpex-items-center\"><svg xmlns=\"http:\/\/www.w3.org\/2000\/svg\" height=\"1.5em\" viewBox=\"0 0 24 24\" width=\"1.5em\" fill=\"currentColor\" class=\"vcex-toggle__icon-open\"><path d=\"M0 0h24v24H0V0z\" fill=\"none\"\/><path d=\"M19 13h-6v6h-2v-6H5v-2h6V5h2v6h6v2z\"\/><\/svg><\/div><div class=\"vcex-toggle__icon-close wpex-flex wpex-flex-col wpex-items-center\"><svg xmlns=\"http:\/\/www.w3.org\/2000\/svg\" height=\"1.5em\" viewBox=\"0 0 24 24\" width=\"1.5em\" fill=\"currentColor\" class=\"vcex-toggle__icon-close\"><path d=\"M0 0h24v24H0V0z\" fill=\"none\"\/><path d=\"M19 13H5v-2h14v2z\"\/><\/svg><\/div><\/div><div class=\"vcex-toggle__title\">NOTRE ACTIVITE<\/div><\/a><\/div><div id=\"notre-activite\" class=\"vcex-toggle__content wpex-clr wpex-last-mb-0 wpex-my-10\"><p>La plomberie : installation, d\u00e9pannage, r\u00e9novation, mise en service, entretien et r\u00e9paration d&rsquo;installations sanitaires d&rsquo;eau (appareils, canalisations) domestiques ou industriels. Et, plus g\u00e9n\u00e9ralement, toutes op\u00e9rations industrielles, commerciales, financi\u00e8res, mobili\u00e8res ou immobili\u00e8res, se rapportant directement ou indirectement \u00e0 l&rsquo;objet social ou susceptibles d&rsquo;en faciliter l&rsquo;extension ou le d\u00e9veloppement.<\/p>\n<\/div><\/div><\/div>[\/vc_column][\/vc_row][vc_row full_width=\u00a0\u00bbstretch_row\u00a0\u00bb content_placement=\u00a0\u00bbmiddle\u00a0\u00bb equal_height=\u00a0\u00bbyes\u00a0\u00bb wpex_bg_color=\u00a0\u00bb#d9d9d9&Prime;][vc_column width=\u00a0\u00bb1\/4&Prime;]<style>.vcex-icon.vcex_69d5337654096 .vcex-icon-wrap{color:#010101;border-radius:var(--wpex-rounded-xs);border-width:2px;}<\/style><div class=\"vcex-icon vcex-module vcex-icon-xlarge wpex-float-none wpex-m-auto wpex-text-center  wpb_animate_when_almost_visible wpb_fadeInLeft fadeInLeft vcex_69d5337654096\"><div class=\"vcex-icon-wrap wpex-inline-flex wpex-items-center wpex-justify-center wpex-leading-none wpex-box-content\"><span class=\"wpex-icon\" aria-hidden=\"true\"><svg xmlns=\"http:\/\/www.w3.org\/2000\/svg\" viewBox=\"0 0 512 512\"><path d=\"M96 77.3c0-7.3 5.9-13.3 13.3-13.3c3.5 0 6.9 1.4 9.4 3.9l14.9 14.9C130 91.8 128 101.7 128 112c0 19.9 7.2 38 19.2 52c-5.3 9.2-4 21.1 3.8 29c9.4 9.4 24.6 9.4 33.9 0L289 89c9.4-9.4 9.4-24.6 0-33.9c-7.9-7.9-19.8-9.1-29-3.8C246 39.2 227.9 32 208 32c-10.3 0-20.2 2-29.2 5.5L163.9 22.6C149.4 8.1 129.7 0 109.3 0C66.6 0 32 34.6 32 77.3V256c-17.7 0-32 14.3-32 32s14.3 32 32 32H480c17.7 0 32-14.3 32-32s-14.3-32-32-32H96V77.3zM32 352v16c0 28.4 12.4 54 32 71.6V480c0 17.7 14.3 32 32 32s32-14.3 32-32V464H384v16c0 17.7 14.3 32 32 32s32-14.3 32-32V439.6c19.6-17.6 32-43.1 32-71.6V352H32z\"\/><\/svg><\/span><\/div><\/div>[\/vc_column][vc_column css_animation=\u00a0\u00bbfadeInRight\u00a0\u00bb width=\u00a0\u00bb3\/4&Prime;][vc_column_text css=\u00a0\u00bb\u00a0\u00bb]\n<h3><b>Expertise en Plomberie et Qualit\u00e9 des Sanitaires<\/b><\/h3>\n<p data-path-to-node=\"11\"><b>De plus<\/b>, la qualit\u00e9 de l&rsquo;installation est notre priorit\u00e9 absolue. Nous travaillons <b>uniquement<\/b> avec des mat\u00e9riaux reconnus pour leur durabilit\u00e9 et leur fiabilit\u00e9. <b>Cependant<\/b>, l&rsquo;aspect esth\u00e9tique est tout aussi important. Nous vous conseillons sur les <b>tendances actuelles<\/b> pour que votre nouvelle <b>salle d&rsquo;eau<\/b> \u00e0 <b>Lunel<\/b> soit \u00e0 la fois pratique et design. <b>Finalement<\/b>, chaque raccord de <b>plomberie<\/b> est v\u00e9rifi\u00e9 pour vous assurer une \u00e9tanch\u00e9it\u00e9 et un fonctionnement irr\u00e9prochable.<\/p>\n[\/vc_column_text][\/vc_column][\/vc_row][vc_row full_width=\u00a0\u00bbstretch_row_content_no_spaces\u00a0\u00bb][vc_column][vc_goo_maps location=\u00a0\u00bbLunel 34400 France\u00a0\u00bb height=\u00a0\u00bb500px\u00a0\u00bb css_animation=\u00a0\u00bbfadeInUp\u00a0\u00bb css=\u00a0\u00bb\u00a0\u00bb][\/vc_column][\/vc_row]\n<\/div>","protected":false},"excerpt":{"rendered":"<p>[vc_row full_width=\u00a0\u00bbstretch_row\u00a0\u00bb remove_bottom_col_margin=\u00a0\u00bbtrue\u00a0\u00bb bg_style=\u00a0\u00bbstretch\u00a0\u00bb css=\u00a0\u00bb.vc_custom_1764235788820{padding-top: 170px !important;padding-bottom: 140px !important;background-image: url(https:\/\/plomberielr.fr\/wp-content\/uploads\/2025\/11\/recherche-de-fuite-depannage-lunel-plombier-rapide-urgence.jpg?id=152) !important;background-position: center !important;background-repeat: no-repeat !important;background-size: cover !important;}\u00a0\u00bb][vc_column][vc_column_text css=\u00a0\u00bb\u00a0\u00bb color=\u00a0\u00bb#ffffff\u00a0\u00bb font_size=\u00a0\u00bb21px\u00a0\u00bb text_align=\u00a0\u00bbcenter\u00a0\u00bb]Devis et renseignement en plomberie sur Lunel[\/vc_column_text][\/vc_column][\/vc_row][vc_row css=\u00a0\u00bb.vc_custom_1764235947985{padding-top: 70px !important;padding-bottom: 20px !important;}\u00a0\u00bb wpex_bg_color=\u00a0\u00bb#24202100&Prime;][vc_column css_animation=\u00a0\u00bbfadeInLeft\u00a0\u00bb width=\u00a0\u00bb2\/3&Prime;][vc_column_text css=\u00a0\u00bb\u00a0\u00bb] Notre expertise ne s&rsquo;arr\u00eate pas \u00e0 la simple plomberie. Nous g\u00e9rons l&rsquo;int\u00e9gralit\u00e9 des travaux : Installation de plomberie et&hellip;<\/p>\n","protected":false},"author":1,"featured_media":145,"parent":0,"menu_order":0,"comment_status":"closed","ping_status":"closed","template":"","meta":{"footnotes":""},"class_list":["post-106","page","type-page","status-publish","has-post-thumbnail","hentry","entry","has-media"],"yoast_head":"<!-- This site is optimized with the Yoast SEO plugin v27.3 - https:\/\/yoast.com\/product\/yoast-seo-wordpress\/ -->\n<title>Devis Plomberie Lunel | Plomberie LR - Lunel<\/title>\n<meta name=\"description\" content=\"Devis plomberie dans l&#039;H\u00e9rault entre N\u00eemes et Montpellier sur Lunel. D\u00e9pannage rapide, urgence et recherche de fuite.\" \/>\n<meta name=\"robots\" content=\"index, follow, max-snippet:-1, max-image-preview:large, max-video-preview:-1\" \/>\n<link rel=\"canonical\" href=\"https:\/\/plomberielr.fr\/index.php\/contact\/\" \/>\n<meta property=\"og:locale\" content=\"fr_FR\" \/>\n<meta property=\"og:type\" content=\"article\" \/>\n<meta property=\"og:title\" content=\"Devis Plomberie Lunel | Plomberie LR - Lunel\" \/>\n<meta property=\"og:description\" content=\"Devis plomberie dans l&#039;H\u00e9rault entre N\u00eemes et Montpellier sur Lunel. D\u00e9pannage rapide, urgence et recherche de fuite.\" \/>\n<meta property=\"og:url\" content=\"https:\/\/plomberielr.fr\/index.php\/contact\/\" \/>\n<meta property=\"og:site_name\" content=\"Plomberie LR - Lunel\" \/>\n<meta property=\"article:publisher\" content=\"https:\/\/www.facebook.com\/profile.php?id=100072247274907\" \/>\n<meta property=\"article:modified_time\" content=\"2025-11-27T13:57:29+00:00\" \/>\n<meta property=\"og:image\" content=\"https:\/\/plomberielr.fr\/wp-content\/uploads\/2025\/11\/logo-plomberie-LR.jpg\" \/>\n\t<meta property=\"og:image:width\" content=\"1200\" \/>\n\t<meta property=\"og:image:height\" content=\"1200\" \/>\n\t<meta property=\"og:image:type\" content=\"image\/jpeg\" \/>\n<meta name=\"twitter:card\" content=\"summary_large_image\" \/>\n<meta name=\"twitter:label1\" content=\"Dur\u00e9e de lecture estim\u00e9e\" \/>\n\t<meta name=\"twitter:data1\" content=\"2 minutes\" \/>\n<script type=\"application\/ld+json\" class=\"yoast-schema-graph\">{\"@context\":\"https:\\\/\\\/schema.org\",\"@graph\":[{\"@type\":\"WebPage\",\"@id\":\"https:\\\/\\\/plomberielr.fr\\\/index.php\\\/contact\\\/\",\"url\":\"https:\\\/\\\/plomberielr.fr\\\/index.php\\\/contact\\\/\",\"name\":\"Devis Plomberie Lunel | Plomberie LR - Lunel\",\"isPartOf\":{\"@id\":\"https:\\\/\\\/plomberielr.fr\\\/#website\"},\"primaryImageOfPage\":{\"@id\":\"https:\\\/\\\/plomberielr.fr\\\/index.php\\\/contact\\\/#primaryimage\"},\"image\":{\"@id\":\"https:\\\/\\\/plomberielr.fr\\\/index.php\\\/contact\\\/#primaryimage\"},\"thumbnailUrl\":\"https:\\\/\\\/plomberielr.fr\\\/wp-content\\\/uploads\\\/2025\\\/11\\\/logo-plomberie-LR.jpg\",\"datePublished\":\"2015-01-25T00:21:50+00:00\",\"dateModified\":\"2025-11-27T13:57:29+00:00\",\"description\":\"Devis plomberie dans l'H\u00e9rault entre N\u00eemes et Montpellier sur Lunel. D\u00e9pannage rapide, urgence et recherche de fuite.\",\"breadcrumb\":{\"@id\":\"https:\\\/\\\/plomberielr.fr\\\/index.php\\\/contact\\\/#breadcrumb\"},\"inLanguage\":\"fr-FR\",\"potentialAction\":[{\"@type\":\"ReadAction\",\"target\":[\"https:\\\/\\\/plomberielr.fr\\\/index.php\\\/contact\\\/\"]}]},{\"@type\":\"ImageObject\",\"inLanguage\":\"fr-FR\",\"@id\":\"https:\\\/\\\/plomberielr.fr\\\/index.php\\\/contact\\\/#primaryimage\",\"url\":\"https:\\\/\\\/plomberielr.fr\\\/wp-content\\\/uploads\\\/2025\\\/11\\\/logo-plomberie-LR.jpg\",\"contentUrl\":\"https:\\\/\\\/plomberielr.fr\\\/wp-content\\\/uploads\\\/2025\\\/11\\\/logo-plomberie-LR.jpg\",\"width\":1200,\"height\":1200,\"caption\":\"Logo Plomberie LR Lionel ROUSSE LUNEL HERAULT\"},{\"@type\":\"BreadcrumbList\",\"@id\":\"https:\\\/\\\/plomberielr.fr\\\/index.php\\\/contact\\\/#breadcrumb\",\"itemListElement\":[{\"@type\":\"ListItem\",\"position\":1,\"name\":\"Accueil\",\"item\":\"https:\\\/\\\/plomberielr.fr\\\/\"},{\"@type\":\"ListItem\",\"position\":2,\"name\":\"Devis Plomberie Lunel\"}]},{\"@type\":\"WebSite\",\"@id\":\"https:\\\/\\\/plomberielr.fr\\\/#website\",\"url\":\"https:\\\/\\\/plomberielr.fr\\\/\",\"name\":\"Plomberie LR - Lunel\",\"description\":\"\",\"publisher\":{\"@id\":\"https:\\\/\\\/plomberielr.fr\\\/#organization\"},\"alternateName\":\"Plomberie LR - Lunel\",\"potentialAction\":[{\"@type\":\"SearchAction\",\"target\":{\"@type\":\"EntryPoint\",\"urlTemplate\":\"https:\\\/\\\/plomberielr.fr\\\/?s={search_term_string}\"},\"query-input\":{\"@type\":\"PropertyValueSpecification\",\"valueRequired\":true,\"valueName\":\"search_term_string\"}}],\"inLanguage\":\"fr-FR\"},{\"@type\":\"Organization\",\"@id\":\"https:\\\/\\\/plomberielr.fr\\\/#organization\",\"name\":\"Plomberie LR - Lunel\",\"url\":\"https:\\\/\\\/plomberielr.fr\\\/\",\"logo\":{\"@type\":\"ImageObject\",\"inLanguage\":\"fr-FR\",\"@id\":\"https:\\\/\\\/plomberielr.fr\\\/#\\\/schema\\\/logo\\\/image\\\/\",\"url\":\"https:\\\/\\\/plomberielr.fr\\\/wp-content\\\/uploads\\\/2025\\\/11\\\/logo.jpg\",\"contentUrl\":\"https:\\\/\\\/plomberielr.fr\\\/wp-content\\\/uploads\\\/2025\\\/11\\\/logo.jpg\",\"width\":410,\"height\":406,\"caption\":\"Plomberie LR - Lunel\"},\"image\":{\"@id\":\"https:\\\/\\\/plomberielr.fr\\\/#\\\/schema\\\/logo\\\/image\\\/\"},\"sameAs\":[\"https:\\\/\\\/www.facebook.com\\\/profile.php?id=100072247274907\"]}]}<\/script>\n<!-- \/ Yoast SEO plugin. -->","yoast_head_json":{"title":"Devis Plomberie Lunel | Plomberie LR - Lunel","description":"Devis plomberie dans l'H\u00e9rault entre N\u00eemes et Montpellier sur Lunel. D\u00e9pannage rapide, urgence et recherche de fuite.","robots":{"index":"index","follow":"follow","max-snippet":"max-snippet:-1","max-image-preview":"max-image-preview:large","max-video-preview":"max-video-preview:-1"},"canonical":"https:\/\/plomberielr.fr\/index.php\/contact\/","og_locale":"fr_FR","og_type":"article","og_title":"Devis Plomberie Lunel | Plomberie LR - Lunel","og_description":"Devis plomberie dans l'H\u00e9rault entre N\u00eemes et Montpellier sur Lunel. D\u00e9pannage rapide, urgence et recherche de fuite.","og_url":"https:\/\/plomberielr.fr\/index.php\/contact\/","og_site_name":"Plomberie LR - Lunel","article_publisher":"https:\/\/www.facebook.com\/profile.php?id=100072247274907","article_modified_time":"2025-11-27T13:57:29+00:00","og_image":[{"width":1200,"height":1200,"url":"https:\/\/plomberielr.fr\/wp-content\/uploads\/2025\/11\/logo-plomberie-LR.jpg","type":"image\/jpeg"}],"twitter_card":"summary_large_image","twitter_misc":{"Dur\u00e9e de lecture estim\u00e9e":"2 minutes"},"schema":{"@context":"https:\/\/schema.org","@graph":[{"@type":"WebPage","@id":"https:\/\/plomberielr.fr\/index.php\/contact\/","url":"https:\/\/plomberielr.fr\/index.php\/contact\/","name":"Devis Plomberie Lunel | Plomberie LR - Lunel","isPartOf":{"@id":"https:\/\/plomberielr.fr\/#website"},"primaryImageOfPage":{"@id":"https:\/\/plomberielr.fr\/index.php\/contact\/#primaryimage"},"image":{"@id":"https:\/\/plomberielr.fr\/index.php\/contact\/#primaryimage"},"thumbnailUrl":"https:\/\/plomberielr.fr\/wp-content\/uploads\/2025\/11\/logo-plomberie-LR.jpg","datePublished":"2015-01-25T00:21:50+00:00","dateModified":"2025-11-27T13:57:29+00:00","description":"Devis plomberie dans l'H\u00e9rault entre N\u00eemes et Montpellier sur Lunel. D\u00e9pannage rapide, urgence et recherche de fuite.","breadcrumb":{"@id":"https:\/\/plomberielr.fr\/index.php\/contact\/#breadcrumb"},"inLanguage":"fr-FR","potentialAction":[{"@type":"ReadAction","target":["https:\/\/plomberielr.fr\/index.php\/contact\/"]}]},{"@type":"ImageObject","inLanguage":"fr-FR","@id":"https:\/\/plomberielr.fr\/index.php\/contact\/#primaryimage","url":"https:\/\/plomberielr.fr\/wp-content\/uploads\/2025\/11\/logo-plomberie-LR.jpg","contentUrl":"https:\/\/plomberielr.fr\/wp-content\/uploads\/2025\/11\/logo-plomberie-LR.jpg","width":1200,"height":1200,"caption":"Logo Plomberie LR Lionel ROUSSE LUNEL HERAULT"},{"@type":"BreadcrumbList","@id":"https:\/\/plomberielr.fr\/index.php\/contact\/#breadcrumb","itemListElement":[{"@type":"ListItem","position":1,"name":"Accueil","item":"https:\/\/plomberielr.fr\/"},{"@type":"ListItem","position":2,"name":"Devis Plomberie Lunel"}]},{"@type":"WebSite","@id":"https:\/\/plomberielr.fr\/#website","url":"https:\/\/plomberielr.fr\/","name":"Plomberie LR - Lunel","description":"","publisher":{"@id":"https:\/\/plomberielr.fr\/#organization"},"alternateName":"Plomberie LR - Lunel","potentialAction":[{"@type":"SearchAction","target":{"@type":"EntryPoint","urlTemplate":"https:\/\/plomberielr.fr\/?s={search_term_string}"},"query-input":{"@type":"PropertyValueSpecification","valueRequired":true,"valueName":"search_term_string"}}],"inLanguage":"fr-FR"},{"@type":"Organization","@id":"https:\/\/plomberielr.fr\/#organization","name":"Plomberie LR - Lunel","url":"https:\/\/plomberielr.fr\/","logo":{"@type":"ImageObject","inLanguage":"fr-FR","@id":"https:\/\/plomberielr.fr\/#\/schema\/logo\/image\/","url":"https:\/\/plomberielr.fr\/wp-content\/uploads\/2025\/11\/logo.jpg","contentUrl":"https:\/\/plomberielr.fr\/wp-content\/uploads\/2025\/11\/logo.jpg","width":410,"height":406,"caption":"Plomberie LR - Lunel"},"image":{"@id":"https:\/\/plomberielr.fr\/#\/schema\/logo\/image\/"},"sameAs":["https:\/\/www.facebook.com\/profile.php?id=100072247274907"]}]}},"_links":{"self":[{"href":"https:\/\/plomberielr.fr\/index.php\/wp-json\/wp\/v2\/pages\/106","targetHints":{"allow":["GET"]}}],"collection":[{"href":"https:\/\/plomberielr.fr\/index.php\/wp-json\/wp\/v2\/pages"}],"about":[{"href":"https:\/\/plomberielr.fr\/index.php\/wp-json\/wp\/v2\/types\/page"}],"author":[{"embeddable":true,"href":"https:\/\/plomberielr.fr\/index.php\/wp-json\/wp\/v2\/users\/1"}],"replies":[{"embeddable":true,"href":"https:\/\/plomberielr.fr\/index.php\/wp-json\/wp\/v2\/comments?post=106"}],"version-history":[{"count":0,"href":"https:\/\/plomberielr.fr\/index.php\/wp-json\/wp\/v2\/pages\/106\/revisions"}],"wp:featuredmedia":[{"embeddable":true,"href":"https:\/\/plomberielr.fr\/index.php\/wp-json\/wp\/v2\/media\/145"}],"wp:attachment":[{"href":"https:\/\/plomberielr.fr\/index.php\/wp-json\/wp\/v2\/media?parent=106"}],"curies":[{"name":"wp","href":"https:\/\/api.w.org\/{rel}","templated":true}]}}